{"id":11,"date":"2016-11-21T13:22:45","date_gmt":"2016-11-21T13:22:45","guid":{"rendered":"http:\/\/ecoproof.ihcantabria.es\/?page_id=11"},"modified":"2016-11-28T12:55:23","modified_gmt":"2016-11-28T12:55:23","slug":"grupo-de-trabajo","status":"publish","type":"page","link":"https:\/\/ecoproof.ihcantabria.es\/en\/grupo-de-trabajo\/","title":{"rendered":"WORKING TEAM"},"content":{"rendered":"<strong>Instituto de Hidr\u00e1ulica Ambiental (IHCantabria), Universidad de Cantabria:<\/strong><\/p>\n<ul>\n<li>I\u00f1igo J. Losada Rodr\u00edguez<\/li>\n<li>Javier L\u00f3pez Lara<\/li>\n<li>Maria Maza Fern\u00e1ndez<\/li>\n<li>\u00c1lvaro \u00c1lvarez V\u00e1zquez<\/li>\n<li>Pelayo Men\u00e9ndez Fern\u00e1ndez<\/li>\n<li>Gabriel Barajas Ojeda<\/li>\n<li>I\u00f1aki Silanes Cristobal<\/li>\n<\/ul>\n<p><strong>University of California, Santa Cruz<\/strong><\/p>\n<ul>\n<li>Borja Gonz\u00e1lez Reguero<\/li>\n<\/ul>\n<p><strong>Deltares (Delft Hydraulics):<\/strong><\/p>\n<ul>\n<li>Bregje K. van Wesenbeeck<\/li>\n<\/ul>\n<p><strong>Netherlands Institute for Sea Research (NIOZ):<\/strong><\/p>\n<ul>\n<li>Tjeerd J. Bouma<\/li>\n<\/ul>","protected":false},"excerpt":{"rendered":"<p>Instituto de Hidr\u00e1ulica Ambiental (IHCantabria), Universidad de Cantabria: I\u00f1igo J. Losada Rodr\u00edguez Javier L\u00f3pez Lara Maria Maza Fern\u00e1ndez \u00c1lvaro \u00c1lvarez V\u00e1zquez Pelayo Men\u00e9ndez Fern\u00e1ndez Gabriel Barajas Ojeda I\u00f1aki Silanes Cristobal University of California, Santa Cruz Borja Gonz\u00e1lez Reguero Deltares (Delft Hydraulics): Bregje K. van Wesenbeeck Netherlands Institute for Sea Research (NIOZ): Tjeerd J. Bouma<\/p>\n","protected":false},"author":1,"featured_media":0,"parent":0,"menu_order":0,"comment_status":"closed","ping_status":"closed","template":"","meta":{"jetpack_post_was_ever_published":false,"footnotes":""},"class_list":["post-11","page","type-page","status-publish","hentry"],"jetpack_sharing_enabled":true,"jetpack_shortlink":"https:\/\/wp.me\/P88lu6-b","jetpack-related-posts":[],"_links":{"self":[{"href":"https:\/\/ecoproof.ihcantabria.es\/en\/wp-json\/wp\/v2\/pages\/11","targetHints":{"allow":["GET"]}}],"collection":[{"href":"https:\/\/ecoproof.ihcantabria.es\/en\/wp-json\/wp\/v2\/pages"}],"about":[{"href":"https:\/\/ecoproof.ihcantabria.es\/en\/wp-json\/wp\/v2\/types\/page"}],"author":[{"embeddable":true,"href":"https:\/\/ecoproof.ihcantabria.es\/en\/wp-json\/wp\/v2\/users\/1"}],"replies":[{"embeddable":true,"href":"https:\/\/ecoproof.ihcantabria.es\/en\/wp-json\/wp\/v2\/comments?post=11"}],"version-history":[{"count":7,"href":"https:\/\/ecoproof.ihcantabria.es\/en\/wp-json\/wp\/v2\/pages\/11\/revisions"}],"predecessor-version":[{"id":158,"href":"https:\/\/ecoproof.ihcantabria.es\/en\/wp-json\/wp\/v2\/pages\/11\/revisions\/158"}],"wp:attachment":[{"href":"https:\/\/ecoproof.ihcantabria.es\/en\/wp-json\/wp\/v2\/media?parent=11"}],"curies":[{"name":"wp","href":"https:\/\/api.w.org\/{rel}","templated":true}]}}